{"id":2454,"date":"2024-12-08T15:21:32","date_gmt":"2024-12-08T15:21:32","guid":{"rendered":"https:\/\/aphromiels.co.uk\/?post_type=product&#038;p=2454"},"modified":"2025-01-18T11:55:45","modified_gmt":"2025-01-18T11:55:45","slug":"sirop-de-gorontula","status":"publish","type":"product","link":"https:\/\/aphromiels.co.uk\/fr\/product\/sirop-de-gorontula\/","title":{"rendered":"Sirop de Gorontula"},"content":{"rendered":"<h2>Sirop de Gorontula Aphromiels &ndash; Le Nectar de l&rsquo;Intimit&eacute; et de la Vitalit&eacute;<\/h2>\n<p data-pm-slice=\"1 1 []\">D&eacute;couvrez les bienfaits intemporels d&rsquo;une tradition ancestrale haoussa, pr&eacute;serv&eacute;s &agrave; travers le fil du temps, avec notre Goron Tula Sirop Aphromiels, un &eacute;lixir luxueux &eacute;labor&eacute; &agrave; partir du fruit de Gorontula le plus riche (Azanza garckeana \/ Thespesia garckeana) soigneusement s&eacute;lectionn&eacute; dans les paysages verdoyants du Kenya. Le Gorontula, &eacute;galement connu sous les noms <em>snot apple<\/em> en anglais, de gomme &agrave; m&acirc;cher africaine, pomme de morve, kola soyeuse ou fruit miracle, produit un nectar &eacute;pais et collant qui est la cl&eacute; de ses bienfaits pour la sant&eacute;. Cette s&egrave;ve naturelle est r&eacute;put&eacute;e pour sa capacit&eacute; &agrave; soulager la s&eacute;cheresse vaginale, stimuler le d&eacute;sir sexuel et soutenir la sant&eacute; sexuelle et le syst&egrave;me immunitaire.<\/p>\n<p>D&eacute;licatement sucr&eacute; avec des dattes naturelles, ce &ldquo;goron tula syrup&rdquo; ne contient ni sucres ajout&eacute;s, ni conservateurs, ni ingr&eacute;dients artificiels. Rien que de la puret&eacute;, mise en bouteille pour votre bien-&ecirc;tre. Avec chaque cuill&egrave;re, vous go&ucirc;tez le soin, le savoir-faire et l&rsquo;authenticit&eacute; des produits fabriqu&eacute;s selon des m&eacute;thodes traditionnelles, garantissant qualit&eacute; et s&eacute;curit&eacute;, tout en soutenant votre &eacute;quilibre hormonal gr&acirc;ce &agrave; ses propri&eacute;t&eacute;s naturelles.<\/p>\n<h3 id=\"43ed5a88-0c97-4ddb-84fc-20b47529f0a7\" data-toc-id=\"43ed5a88-0c97-4ddb-84fc-20b47529f0a7\">Pourquoi vous l&rsquo;aimerez :<\/h3>\n<ul>\n<li><strong>Soutient l&rsquo;augmentation de la libido<\/strong> : Le Goron Tula Sirop est une solution naturelle et un puissant aphrodisiaque naturel pour les personnes souffrant de faible libido, am&eacute;liorant la performance sexuelle et revitalisant l&rsquo;intimit&eacute;, jouant ainsi un r&ocirc;le essentiel dans la sant&eacute; sexuelle, sans impact n&eacute;gatif ni effets secondaires.<\/li>\n<li><strong>Soulage la s&eacute;cheresse intime<\/strong> : Une solution naturelle pour profiter d&rsquo;un confort et d&rsquo;une intimit&eacute; accrus avec une utilisation r&eacute;guli&egrave;re, tout en &eacute;quilibrant les hormones sexuelles et en am&eacute;liorant votre vie intime.<\/li>\n<li><strong>Boostez la fertilit&eacute;<\/strong> : Exploitez la puissance concentr&eacute;e du Gorontula pour nourrir et &eacute;quilibrer votre corps, soutenant ainsi le cycle menstruel, am&eacute;liorant vos chances de f&eacute;condation gr&acirc;ce aux nutriments essentiels du sirop, tout en favorisant votre sant&eacute; reproductive et en contribuant &agrave; la qualit&eacute; des ovules.<\/li>\n<li><strong>Rem&egrave;de traditionnel pour diverses affections de sant&eacute;<\/strong> : Parmi les habitants haoussas, le sirop de fruit de Gorontula et le jus de Gorontula sont traditionnellement utilis&eacute;s pour g&eacute;rer l&rsquo;hypertension, r&eacute;guler les niveaux de sucre dans le sang, stimuler le syst&egrave;me immunitaire gr&acirc;ce &agrave; sa teneur en vitamine C, am&eacute;liorer la circulation sanguine, favoriser la production de spermatozo&iuml;des, et soulager les douleurs thoraciques. C&rsquo;est un rem&egrave;de naturel qui joue un r&ocirc;le crucial dans la fertilit&eacute; masculine et la qualit&eacute; du sperme.<\/li>\n<li><strong>Seulement 35 calories par cuill&egrave;re &agrave; soupe<\/strong> : Une dose quotidienne de vitalit&eacute; et de sensualit&eacute; sans culpabilit&eacute;, qui n&rsquo;&eacute;l&egrave;ve pas votre taux de sucre sanguin. Le dosage est &eacute;galement plus facile, contrairement au fruit qui pr&eacute;sente des tailles vari&eacute;es, gr&acirc;ce &agrave; ses ingr&eacute;dients naturels.<\/li>\n<li><strong>Alternative pratique au fruit frais<\/strong> : Contrairement &agrave; la consommation du fruit, qui n&eacute;cessite de retirer les graines de Gorontula, de m&acirc;cher et de recracher l&rsquo;&eacute;corce, le sirop Gorontula est sans tracas &ndash; prenez simplement une cuill&egrave;re et savourez, tout en b&eacute;n&eacute;ficiant de l&rsquo;alliance naturelle des propri&eacute;t&eacute;s aphrodisiaques et nutritives du Gorontula.<\/li>\n<\/ul>\n<p>Ce sirop est bien plus qu&rsquo;un produit &ndash; c&rsquo;est une tradition, un lien profond avec la nature et un cadeau pour votre sant&eacute; et vos relations. &Agrave; conserver au r&eacute;frig&eacute;rateur apr&egrave;s ouverture et &agrave; consommer dans les 4 mois.<\/p>\n<p>Prenez soin de votre sant&eacute; intime avec le Sirop de Gorontula Aphromiels : une dose concentr&eacute;e de nectar naturel dans chaque goutte. Votre bien-&ecirc;tre m&eacute;rite l&rsquo;excellence.<\/p>\n<p>Fabriqu&eacute; au Royaume-Uni avec toutes les informations nutritionnelles sur l&rsquo;emballage.<\/p>\n<p><strong>Mode d&rsquo;emploi<\/strong> : Le sirop peut &ecirc;tre pris de diff&eacute;rentes mani&egrave;res : d&eacute;gustez une cuill&egrave;re &agrave; soupe par jour seul, m&eacute;langez-le avec du yaourt, du lait ou du miel, ou versez-le sur des fruits frais avec une pinc&eacute;e de graines de s&eacute;same. Les possibilit&eacute;s sont vraiment infinies.<\/p>\n","protected":false},"excerpt":{"rendered":"<h2>Sirop de Gorontula Aphromiels \u2013 L\u2019Intimit\u00e9 Dans Chaque Goutte<\/h2>\n<p>Le sirop de Gorontula Aphromiels est \u00e9labor\u00e9 \u00e0 partir des fruits de Gorontula les plus riches et d\u2019herbes soigneusement s\u00e9lectionn\u00e9es, selon une recette haoussa ancestrale. Ce sirop \u00e9pais et sombre est un aphrodisiaque naturel qui stimule la libido, soulage la s\u00e9cheresse intime et soutient la fertilit\u00e9. Sucr\u00e9 uniquement avec des dattes naturelles, le sirop de Gorontula ne contient ni sucres ajout\u00e9s, ni conservateurs, ni ingr\u00e9dients artificiels. Avec seulement 35 calories par cuill\u00e8re \u00e0 soupe, c\u2019est une fa\u00e7on pure et sans culpabilit\u00e9 d\u2019am\u00e9liorer votre bien-\u00eatre. \u00c0 conserver au r\u00e9frig\u00e9rateur apr\u00e8s ouverture et \u00e0 consommer dans les 4 mois.<\/p>\n","protected":false},"featured_media":2614,"comment_status":"open","ping_status":"closed","template":"","meta":[],"product_brand":[],"product_cat":[74],"product_tag":[97,98],"class_list":{"0":"post-2454","1":"product","2":"type-product","3":"status-publish","4":"has-post-thumbnail","6":"product_cat-aphrodisiaques-naturels","7":"product_tag-goron-tula-syrup","8":"product_tag-miracle-fruit","10":"first","11":"instock","12":"taxable","13":"shipping-taxable","14":"purchasable","15":"product-type-simple"},"_links":{"self":[{"href":"https:\/\/aphromiels.co.uk\/fr\/wp-json\/wp\/v2\/product\/2454","targetHints":{"allow":["GET"]}}],"collection":[{"href":"https:\/\/aphromiels.co.uk\/fr\/wp-json\/wp\/v2\/product"}],"about":[{"href":"https:\/\/aphromiels.co.uk\/fr\/wp-json\/wp\/v2\/types\/product"}],"replies":[{"embeddable":true,"href":"https:\/\/aphromiels.co.uk\/fr\/wp-json\/wp\/v2\/comments?post=2454"}],"wp:featuredmedia":[{"embeddable":true,"href":"https:\/\/aphromiels.co.uk\/fr\/wp-json\/wp\/v2\/media\/2614"}],"wp:attachment":[{"href":"https:\/\/aphromiels.co.uk\/fr\/wp-json\/wp\/v2\/media?parent=2454"}],"wp:term":[{"taxonomy":"product_brand","embeddable":true,"href":"https:\/\/aphromiels.co.uk\/fr\/wp-json\/wp\/v2\/product_brand?post=2454"},{"taxonomy":"product_cat","embeddable":true,"href":"https:\/\/aphromiels.co.uk\/fr\/wp-json\/wp\/v2\/product_cat?post=2454"},{"taxonomy":"product_tag","embeddable":true,"href":"https:\/\/aphromiels.co.uk\/fr\/wp-json\/wp\/v2\/product_tag?post=2454"}],"curies":[{"name":"wp","href":"https:\/\/api.w.org\/{rel}","templated":true}]}}