{"id":1603,"date":"2024-03-24T19:40:33","date_gmt":"2024-03-24T19:40:33","guid":{"rendered":"https:\/\/aphromiels.co.uk\/product\/poudre-organic-de-gorontula-100g\/"},"modified":"2025-01-22T09:21:14","modified_gmt":"2025-01-22T09:21:14","slug":"poudre-de-gorontula-100g","status":"publish","type":"product","link":"https:\/\/aphromiels.co.uk\/fr\/product\/poudre-de-gorontula-100g\/","title":{"rendered":"Poudre de Gorontula 100g"},"content":{"rendered":"<h2>&Agrave; propos de notre poudre de gorontula sans p&eacute;pins<\/h2>\n<p>Voici notre Poudre de Gorontula Bio (100g) &ndash; Un fruit miraculeux originaire de l&rsquo;Afrique australe, du Kenya et de l&rsquo;&Eacute;tat de Gombe, au Nigeria. L&rsquo;arbre de Gorontula produit des fruits de tailles vari&eacute;es, r&eacute;put&eacute;s pour leurs bienfaits m&eacute;dicinaux et nutritionnels. C&eacute;l&eacute;br&eacute; depuis des si&egrave;cles pour ses propri&eacute;t&eacute;s m&eacute;dicinales, le Gorontula est &eacute;galement reconnu comme un aphrodisiaque naturel. Provenant des meilleurs fruits de Gorontula, scientifiquement connus sous le nom d&rsquo;Azanza garckeana ou Thespesia garckeana F. Hoffm (&eacute;galement appel&eacute; pomme de morve, gomme &agrave; m&acirc;cher africaine ou kola soyeuse), notre poudre est soigneusement &eacute;labor&eacute;e apr&egrave;s avoir retir&eacute; les graines. Le r&eacute;sultat est une texture soyeuse qui se m&eacute;lange facilement &agrave; vos aliments et boissons pr&eacute;f&eacute;r&eacute;s.<\/p>\n<p>Reconnue comme une plante m&eacute;dicinale puissante et un aphrodisiaque, la poudre de Gorontula a &eacute;t&eacute; traditionnellement utilis&eacute;e pour am&eacute;liorer la vitalit&eacute; sexuelle et traiter les probl&egrave;mes de sant&eacute; sexuelle. Elle augmente la libido, am&eacute;liore la fertilit&eacute; et booste les performances sexuelles. Au-del&agrave; de ses bienfaits pour la sant&eacute; sexuelle, la poudre de Gorontula offre plusieurs autres avantages pour la sant&eacute;. Sa teneur &eacute;lev&eacute;e en fibres favorise la sant&eacute; digestive en soutenant les mouvements intestinaux r&eacute;guliers et en pr&eacute;venant la constipation. La poudre poss&egrave;de &eacute;galement des propri&eacute;t&eacute;s anti-inflammatoires qui aident &agrave; apaiser les inconforts gastro-intestinaux. Riche en antioxydants, elle combat les radicaux libres, r&eacute;duit le stress et renforce le syst&egrave;me immunitaire. De plus, la poudre de Gorontula soutient la sant&eacute; cardiovasculaire en r&eacute;duisant le taux de cholest&eacute;rol et en am&eacute;liorant la circulation sanguine.<\/p>\n<p>Il est important de consulter un professionnel de la sant&eacute; avant d&rsquo;incorporer la poudre de Gorontula dans votre routine, surtout si vous avez des probl&egrave;mes de sant&eacute; sous-jacents ou si vous prenez des m&eacute;dicaments. L&rsquo;int&eacute;gration de ce superfruit africain dans votre mode de vie peut contribuer &agrave; votre sant&eacute; et bien-&ecirc;tre g&eacute;n&eacute;ral.<\/p>\n<p>Emball&eacute; au Royaume-Uni.<\/p>\n<h3>Utilisation<\/h3>\n<p>M&eacute;langez 1 cuill&egrave;re &agrave; soupe avec du miel, du lait ou du yaourt et consommez deux fois par jour. Conservez dans un endroit frais et sec, une fois ouvert, conservez dans un r&eacute;cipient herm&eacute;tique.<\/p>\n<p><strong>Recommandations : Il est important de ne pas consommer le fruit de Gorontula si vous &ecirc;tes enceinte. Conservez dans un endroit frais et sec. Une fois ouvert, conservez dans un r&eacute;cipient herm&eacute;tique.<\/strong><\/p>\n","protected":false},"excerpt":{"rendered":"<p>Poudre de qualit\u00e9 premium d&#8217;Azanza garckeana, sans graines pour une utilisation facile. Un aphrodisiaque naturel qui stimule la libido, la fertilit\u00e9, renforce l\u2019immunit\u00e9 et constitue un rem\u00e8de naturel contre la s\u00e9cheresse intime.<\/p>\n","protected":false},"featured_media":1608,"comment_status":"open","ping_status":"closed","template":"","meta":[],"product_brand":[],"product_cat":[74],"product_tag":[],"class_list":{"0":"post-1603","1":"product","2":"type-product","3":"status-publish","4":"has-post-thumbnail","6":"product_cat-aphrodisiaques-naturels","8":"first","9":"instock","10":"taxable","11":"shipping-taxable","12":"purchasable","13":"product-type-simple"},"_links":{"self":[{"href":"https:\/\/aphromiels.co.uk\/fr\/wp-json\/wp\/v2\/product\/1603","targetHints":{"allow":["GET"]}}],"collection":[{"href":"https:\/\/aphromiels.co.uk\/fr\/wp-json\/wp\/v2\/product"}],"about":[{"href":"https:\/\/aphromiels.co.uk\/fr\/wp-json\/wp\/v2\/types\/product"}],"replies":[{"embeddable":true,"href":"https:\/\/aphromiels.co.uk\/fr\/wp-json\/wp\/v2\/comments?post=1603"}],"wp:featuredmedia":[{"embeddable":true,"href":"https:\/\/aphromiels.co.uk\/fr\/wp-json\/wp\/v2\/media\/1608"}],"wp:attachment":[{"href":"https:\/\/aphromiels.co.uk\/fr\/wp-json\/wp\/v2\/media?parent=1603"}],"wp:term":[{"taxonomy":"product_brand","embeddable":true,"href":"https:\/\/aphromiels.co.uk\/fr\/wp-json\/wp\/v2\/product_brand?post=1603"},{"taxonomy":"product_cat","embeddable":true,"href":"https:\/\/aphromiels.co.uk\/fr\/wp-json\/wp\/v2\/product_cat?post=1603"},{"taxonomy":"product_tag","embeddable":true,"href":"https:\/\/aphromiels.co.uk\/fr\/wp-json\/wp\/v2\/product_tag?post=1603"}],"curies":[{"name":"wp","href":"https:\/\/api.w.org\/{rel}","templated":true}]}}